{"id":3,"date":"2022-11-05T11:59:13","date_gmt":"2022-11-05T10:59:13","guid":{"rendered":"https:\/\/www.wemakespaces.archi\/form\/?page_id=3"},"modified":"2022-12-28T14:49:41","modified_gmt":"2022-12-28T13:49:41","slug":"ochrana-osobnich-udaju","status":"publish","type":"page","link":"https:\/\/www.wemakespaces.archi\/form\/ochrana-osobnich-udaju\/","title":{"rendered":"Z\u00e1sady ochrany osobn\u00edch \u00fadaj\u016f"},"content":{"rendered":"\n<p><strong>Ochrana osobn\u00edch \u00fadaj\u016f<\/strong><\/p>\n\n\n\n<ul class=\"wp-block-list\">\n<li><strong>MS architekti s.r.o., AU plan s.r.o., MS plan s.r.o. a MS development s.r.o., jako\u017eto spr\u00e1vce osobn\u00edch \u00fadaj\u016f, kter\u00e9 mu budou V\u00e1mi coby subjektem osobn\u00edch \u00fadaj\u016f (d\u00e1le jen \u201esubjekt\u201c) poskytnuty na z\u00e1klad\u011b jedn\u00e1n\u00ed o&nbsp;uzav\u0159en\u00ed smlouvy a&nbsp;pln\u011bn\u00ed uzav\u0159en\u00e9 smlouvy, se zavazuje, \u017ee bude tyto osobn\u00ed \u00fadaje zpracov\u00e1vat v&nbsp;souladu s&nbsp;pr\u00e1vn\u00edmi p\u0159edpisy, zejm\u00e9na s&nbsp;Na\u0159\u00edzen\u00edm Evropsk\u00e9ho parlamentu a&nbsp;Rady (EU) 2016\/679 ze dne 27.&nbsp;dubna 2016 o&nbsp;ochran\u011b fyzick\u00fdch osob v&nbsp;souvislosti se zpracov\u00e1n\u00edm osobn\u00edch \u00fadaj\u016f a&nbsp;o&nbsp;voln\u00e9m pohybu t\u011bchto \u00fadaj\u016f a&nbsp;o&nbsp;zru\u0161en\u00ed sm\u011brnice 95\/46\/ES (obecn\u00e9 na\u0159\u00edzen\u00ed o&nbsp;ochran\u011b osobn\u00edch \u00fadaj\u016f).<\/strong><\/li>\n\n\n\n<li><strong>Informace souvisej\u00edc\u00ed se zpracov\u00e1n\u00edm osobn\u00edch \u00fadaj\u016f subjektu osobn\u00edch \u00fadaj\u016f jejich&nbsp;spr\u00e1vcem<\/strong><\/li>\n\n\n\n<li><strong>Spr\u00e1vci osobn\u00edch \u00fadaj\u016f&nbsp;jsou MS architekti s.r.o., I\u010cO: 62580426, s\u00eddlem U Nikolajky 1085\/15, Sm\u00edchov, 150 00 Praha 5, zapsan\u00e1 v&nbsp;odd\u00edlu C vlo\u017ece 33140 obchodn\u00edho rejst\u0159\u00edku veden\u00e9ho M\u011bstsk\u00fdm soudem v Praze, AU plan s.r.o., I\u010cO: 27616398, s\u00eddlem U Nikolajky 1085\/15, Sm\u00edchov, 150 00 Praha 5, zapsan\u00e1 v&nbsp;odd\u00edlu C vlo\u017ece 119149 obchodn\u00edho rejst\u0159\u00edku veden\u00e9ho M\u011bstsk\u00fdm soudem v Praze, MS plan s.r.o., I\u010cO: 16190513, s\u00eddlem U Nikolajky 1085\/15, Sm\u00edchov, 150 00 Praha 5, zapsan\u00e1 v&nbsp;odd\u00edlu C vlo\u017ece 1443 obchodn\u00edho rejst\u0159\u00edku veden\u00e9ho M\u011bstsk\u00fdm soudem v&nbsp;Praze, MS development s.r.o., I\u010cO: 62913794, s\u00eddlem U Nikolajky 1085\/15, Sm\u00edchov, 150 00 Praha 5, zapsan\u00e1 v&nbsp;odd\u00edlu C vlo\u017ece 35315 obchodn\u00edho rejst\u0159\u00edku veden\u00e9ho M\u011bstsk\u00fdm soudem v&nbsp;Praze (d\u00e1le je \u201espr\u00e1vce\u201c). Kontaktn\u00ed osoba: Mgr. Laura Horv\u00e1tov\u00e1, e-mailov\u00e1 adresa: <\/strong><a href=\"mailto:horvatova@msgroup.cz\"><strong>horvatova@msgroup.cz<\/strong><\/a><strong>.&nbsp;<\/strong><\/li>\n<\/ul>\n\n\n\n<p><strong>Zpracov\u00e1van\u00e9 osobn\u00ed \u00fadaje:<\/strong><\/p>\n\n\n\n<ul class=\"wp-block-list\">\n<li><strong>spr\u00e1vce zpracov\u00e1v\u00e1 osobn\u00ed \u00fadaje, kter\u00e9 mu poskytne s\u00e1m subjekt;<\/strong><\/li>\n\n\n\n<li><strong>spr\u00e1vce zpracov\u00e1v\u00e1 osobn\u00ed \u00fadaje subjektu, kter\u00e9 mu poskytne t\u0159et\u00ed osoba, a&nbsp;to nap\u0159.&nbsp;p\u0159i&nbsp;vypln\u011bn\u00ed kontaktn\u00edho formul\u00e1\u0159e. V&nbsp;tom p\u0159\u00edpad\u011b je p\u0159\u00edjemce kontaktn\u00edho formul\u00e1\u0159e povinen&nbsp;informovat o tom subjekt a&nbsp;zajistit si jeho souhlas s&nbsp;t\u011bmito podm\u00ednkami ochrany osobn\u00edch \u00fadaj\u016f;<\/strong><\/li>\n\n\n\n<li><strong>spr\u00e1vce zpracov\u00e1v\u00e1 osobn\u00ed \u00fadaje t\u0159et\u00ed osoby, kter\u00e9 mu poskytne subjekt, a&nbsp;to nap\u0159.&nbsp;p\u0159i&nbsp;p\u0159evodu pr\u00e1v a&nbsp;povinnost\u00ed subjektu z&nbsp;uzav\u0159en\u00e9 smlouvy na tuto t\u0159et\u00ed osobu. V&nbsp;tom p\u0159\u00edpad\u011b je subjekt povinen o&nbsp;tom informovat danou t\u0159et\u00ed osobu a&nbsp;zajistit si jej\u00ed souhlas s&nbsp;t\u011bmito podm\u00ednkami ochrany osobn\u00edch \u00fadaj\u016f;<\/strong><\/li>\n\n\n\n<li><strong>informace o&nbsp;n\u00e1v\u0161t\u011bv\u011b subjektu na webov\u00fdch str\u00e1nk\u00e1ch spr\u00e1vce.<\/strong><\/li>\n<\/ul>\n\n\n\n<p><strong>Pr\u00e1vn\u00ed z\u00e1klad pro zpracov\u00e1n\u00ed:<\/strong><\/p>\n\n\n\n<ul class=\"wp-block-list\">\n<li><strong>smlouva\/ objedn\u00e1vka slu\u017eeb t\u0159et\u00ed osoby spr\u00e1vcem. Poskytnut\u00ed osobn\u00edch \u00fadaj\u016f je povinnost\u00ed subjektu, kter\u00e1 vypl\u00fdv\u00e1 z&nbsp;t\u00e9to smlouvy\/objedn\u00e1vky;<\/strong><\/li>\n\n\n\n<li><strong>opr\u00e1vn\u011bn\u00e9 z\u00e1jmy spr\u00e1vce;<\/strong><\/li>\n\n\n\n<li><strong>souhlas subjektu v&nbsp;p\u0159\u00edpad\u011b zas\u00edl\u00e1n\u00ed obchodn\u00edch sd\u011blen\u00ed (prost\u0159ednictv\u00edm e-mailov\u00e9 nebo SMS zpr\u00e1vy) a&nbsp;telemarketingu.<\/strong><\/li>\n<\/ul>\n\n\n\n<p><strong>\u00da\u010del zpracov\u00e1n\u00ed:<\/strong><\/p>\n\n\n\n<ul class=\"wp-block-list\">\n<li><strong>uzav\u0159en\u00ed smlouvy mezi spr\u00e1vcem a&nbsp;subjektem;<\/strong><\/li>\n\n\n\n<li><strong>pln\u011bn\u00ed smlouvy uzav\u0159en\u00e9 mezi spr\u00e1vcem a&nbsp;subjektem;<\/strong><\/li>\n\n\n\n<li><strong>prezentace n\u00e1vrhu na webov\u00fdch str\u00e1nk\u00e1ch spr\u00e1vce;<\/strong><\/li>\n\n\n\n<li><strong>zlep\u0161ov\u00e1n\u00ed slu\u017eeb a&nbsp;jejich nab\u00eddky spr\u00e1vcem;<\/strong><\/li>\n\n\n\n<li><strong>uplatn\u011bn\u00ed pr\u00e1v a&nbsp;pr\u00e1vn\u00edch n\u00e1rok\u016f spr\u00e1vce a&nbsp;kontroly org\u00e1ny ve\u0159ejn\u00e9 moci;<\/strong><\/li>\n\n\n\n<li><strong>zas\u00edl\u00e1n\u00ed obchodn\u00edch sd\u011blen\u00ed (prost\u0159ednictv\u00edm e-mailov\u00e9 nebo SMS zpr\u00e1vy) a&nbsp;telemarketingu subjektu na z\u00e1klad\u011b jeho souhlasu.<\/strong><\/li>\n<\/ul>\n\n\n\n<p><strong>P\u0159\u00edjemci osobn\u00edch \u00fadaj\u016f:<\/strong><\/p>\n\n\n\n<ul class=\"wp-block-list\">\n<li><strong>zam\u011bstnanci spr\u00e1vce;<\/strong><\/li>\n\n\n\n<li><strong>n\u00e1v\u0161t\u011bvn\u00edci webov\u00fdch str\u00e1nek spr\u00e1vce;<\/strong><\/li>\n\n\n\n<li><strong>poskytovatel\u00e9 \u00fadr\u017eby informa\u010dn\u00edho syst\u00e9mu spr\u00e1vce;<\/strong><\/li>\n\n\n\n<li><strong>zpracovatel\u00e9 \u00fa\u010detnictv\u00ed spr\u00e1vce;<\/strong><\/li>\n\n\n\n<li><strong>pr\u00e1vn\u00ed a&nbsp;da\u0148ov\u00ed poradci spr\u00e1vce;<\/strong><\/li>\n\n\n\n<li><strong>org\u00e1ny ve\u0159ejn\u00e9 moci (nap\u0159.&nbsp;soudy, spr\u00e1vn\u00ed org\u00e1ny);<\/strong><\/li>\n\n\n\n<li><strong>dal\u0161\u00ed p\u0159\u00edjemci dle pot\u0159eb a&nbsp;pokyn\u016f subjektu (nap\u0159.&nbsp;\u010cesk\u00e1 po\u0161ta s.p., kur\u00fdrn\u00ed slu\u017eba);<\/strong><\/li>\n<\/ul>\n\n\n\n<p><strong>Doba zpracov\u00e1n\u00ed osobn\u00edch \u00fadaj\u016f:<\/strong><\/p>\n\n\n\n<ul class=\"wp-block-list\">\n<li><strong>Osobn\u00ed \u00fadaje budou zpracov\u00e1v\u00e1ny po&nbsp;dobu trv\u00e1n\u00ed smluvn\u00edho vztahu na z\u00e1klad\u011b uzav\u0159en\u00e9 smlouvy a&nbsp;po&nbsp;jeho skon\u010den\u00ed s&nbsp;nimi bude nalo\u017eeno dle platn\u00e9 pr\u00e1vn\u00ed \u00fapravy, zejm\u00e9na dle Na\u0159\u00edzen\u00ed Evropsk\u00e9ho parlamentu a&nbsp;Rady (EU) 2016\/679 ze dne 27.&nbsp;dubna 2016 o&nbsp;ochran\u011b fyzick\u00fdch osob v&nbsp;souvislosti se zpracov\u00e1n\u00edm osobn\u00edch \u00fadaj\u016f a&nbsp;o&nbsp;voln\u00e9m pohybu t\u011bchto \u00fadaj\u016f a&nbsp;o&nbsp;zru\u0161en\u00ed sm\u011brnice 95\/46\/ES (obecn\u00e9 na\u0159\u00edzen\u00ed o&nbsp;ochran\u011b osobn\u00edch \u00fadaj\u016f).<\/strong><\/li>\n\n\n\n<li><strong>V&nbsp;p\u0159\u00edpad\u011b souhlasu subjektu se zas\u00edl\u00e1n\u00edm obchodn\u00edch sd\u011blen\u00ed (prost\u0159ednictv\u00edm e-mailov\u00e9 nebo SMS zpr\u00e1vy) a&nbsp;telemarketingu budou osobn\u00ed \u00fadaje zpracov\u00e1v\u00e1ny po&nbsp;dobu pr\u00e1vn\u00ed existence spr\u00e1vce.<\/strong><\/li>\n<\/ul>\n\n\n\n<p><strong>Pr\u00e1va subjektu:<\/strong><\/p>\n\n\n\n<ul class=\"wp-block-list\">\n<li><strong>Pr\u00e1vo na p\u0159\u00edstup&nbsp;k&nbsp;osobn\u00edm \u00fadaj\u016fm znamen\u00e1, \u017ee subjekt m\u00e1 pr\u00e1vo od spr\u00e1vce z\u00edskat informace o&nbsp;tom, zda zpracov\u00e1v\u00e1 jeho osobn\u00ed \u00fadaje, a&nbsp;pokud ano, o&nbsp;jak\u00e9 \u00fadaje se&nbsp;jedn\u00e1 a&nbsp;jak\u00fdm zp\u016fsobem jsou zpracov\u00e1v\u00e1ny. Subjekt m\u00e1 tak\u00e9&nbsp;pr\u00e1vo, aby&nbsp;spr\u00e1vce&nbsp;bez zbyte\u010dn\u00e9ho odkladu&nbsp;opravil na jeho \u017e\u00e1dost nep\u0159esn\u00e9 osobn\u00ed \u00fadaje, kter\u00e9 se ho t\u00fdkaj\u00ed.&nbsp;Ne\u00fapln\u00e9 osobn\u00ed \u00fadaje m\u00e1 subjekt pr\u00e1vo kdykoli doplnit.<\/strong><\/li>\n\n\n\n<li><strong>Pr\u00e1vo na v\u00fdmaz&nbsp;osobn\u00edch \u00fadaj\u016f p\u0159edstavuje jin\u00fdmi slovy vyj\u00e1d\u0159enou povinnost spr\u00e1vce zlikvidovat osobn\u00ed \u00fadaje, kter\u00e9 o&nbsp;subjektu zpracov\u00e1v\u00e1, pokud jsou spln\u011bny ur\u010dit\u00e9 podm\u00ednky a&nbsp;subjekt o&nbsp;to po\u017e\u00e1d\u00e1. V\u00fdmaz se v\u0161ak nedotkne \u00fadaj\u016f na dokumentech, kter\u00e9 spr\u00e1vce mus\u00ed dle z\u00e1kona uchov\u00e1vat (nap\u0159.&nbsp;da\u0148ov\u00e9 doklady).<\/strong><\/li>\n\n\n\n<li><strong>Subjekt m\u00e1&nbsp;pr\u00e1vo, aby spr\u00e1vce&nbsp;v&nbsp;ur\u010dit\u00fdch p\u0159\u00edpadech&nbsp;omezil zpracov\u00e1n\u00ed&nbsp;jeho osobn\u00edch \u00fadaj\u016f. Proti zpracov\u00e1n\u00ed, kter\u00e9 je zalo\u017eeno na opr\u00e1vn\u011bn\u00fdch z\u00e1jmech spr\u00e1vce, t\u0159et\u00ed strany nebo je nezbytn\u00e9 pro spln\u011bn\u00ed \u00fakolu prov\u00e1d\u011bn\u00e9ho ve ve\u0159ejn\u00e9m z\u00e1jmu nebo p\u0159i&nbsp;v\u00fdkonu ve\u0159ejn\u00e9 moci, m\u00e1 subjekt&nbsp;pr\u00e1vo&nbsp;kdykoli&nbsp;vzn\u00e9st n\u00e1mitku.<\/strong><\/li>\n\n\n\n<li><strong>Pr\u00e1vo na p\u0159enositelnost&nbsp;\u00fadaj\u016f d\u00e1v\u00e1 subjektu mo\u017enost z\u00edskat osobn\u00ed \u00fadaje, kter\u00e9 spr\u00e1vci poskytl, v&nbsp;b\u011b\u017en\u00e9m a&nbsp;strojov\u011b \u010diteln\u00e9m form\u00e1tu. Tyto \u00fadaje m\u016f\u017ee n\u00e1sledn\u011b p\u0159edat jin\u00e9mu spr\u00e1vci, nebo pokud je to technicky mo\u017en\u00e9, \u017e\u00e1dat, aby si je spr\u00e1vci p\u0159edali mezi sebou.<\/strong><\/li>\n\n\n\n<li><strong>Subjekt m\u00e1&nbsp;pr\u00e1vo&nbsp;kdykoli&nbsp;odvolat souhlas&nbsp;se zpracov\u00e1n\u00edm osobn\u00edch \u00fadaj\u016f za \u00fa\u010delem zas\u00edl\u00e1n\u00ed obchodn\u00edch sd\u011blen\u00ed (prost\u0159ednictv\u00edm e-mailov\u00e9 nebo SMS zpr\u00e1vy) a&nbsp;telemarketingu.<\/strong><\/li>\n\n\n\n<li><strong>V p\u0159\u00edpad\u011b, \u017ee bude subjekt jakkoli nespokojen se zpracov\u00e1n\u00edm sv\u00fdch osobn\u00edch \u00fadaj\u016f prov\u00e1d\u011bn\u00e9 spr\u00e1vcem, m\u016f\u017ee podat st\u00ed\u017enost p\u0159\u00edmo jemu, nebo&nbsp;se obr\u00e1tit na&nbsp;\u00da\u0159ad pro ochranu osobn\u00edch \u00fadaj\u016f.<\/strong><\/li>\n\n\n\n<li><strong>V\u00edce informac\u00ed o&nbsp;pr\u00e1vech klienta je k&nbsp;dispozici na internetov\u00fdch str\u00e1nk\u00e1ch \u00da\u0159adu pro ochranu osobn\u00edch \u00fadaj\u016f:&nbsp;<\/strong><a href=\"https:\/\/www.uoou.cz\/6-prava-subjektu-udaj\/d-27276\"><strong>https:\/\/www.uoou.cz\/6-prava-subjektu-udaj\/d-27276<\/strong><\/a><strong>.<\/strong><\/li>\n<\/ul>\n","protected":false},"excerpt":{"rendered":"<p>Ochrana osobn\u00edch \u00fadaj\u016f Zpracov\u00e1van\u00e9 osobn\u00ed \u00fadaje: Pr\u00e1vn\u00ed z\u00e1klad pro zpracov\u00e1n\u00ed: \u00da\u010del zpracov\u00e1n\u00ed: P\u0159\u00edjemci osobn\u00edch \u00fadaj\u016f: Doba zpracov\u00e1n\u00ed osobn\u00edch \u00fadaj\u016f: Pr\u00e1va subjektu:<\/p>\n","protected":false},"author":1,"featured_media":0,"parent":0,"menu_order":0,"comment_status":"closed","ping_status":"open","template":"","meta":{"footnotes":""},"class_list":["post-3","page","type-page","status-publish","hentry"],"_links":{"self":[{"href":"https:\/\/www.wemakespaces.archi\/form\/wp-json\/wp\/v2\/pages\/3","targetHints":{"allow":["GET"]}}],"collection":[{"href":"https:\/\/www.wemakespaces.archi\/form\/wp-json\/wp\/v2\/pages"}],"about":[{"href":"https:\/\/www.wemakespaces.archi\/form\/wp-json\/wp\/v2\/types\/page"}],"author":[{"embeddable":true,"href":"https:\/\/www.wemakespaces.archi\/form\/wp-json\/wp\/v2\/users\/1"}],"replies":[{"embeddable":true,"href":"https:\/\/www.wemakespaces.archi\/form\/wp-json\/wp\/v2\/comments?post=3"}],"version-history":[{"count":1,"href":"https:\/\/www.wemakespaces.archi\/form\/wp-json\/wp\/v2\/pages\/3\/revisions"}],"predecessor-version":[{"id":23,"href":"https:\/\/www.wemakespaces.archi\/form\/wp-json\/wp\/v2\/pages\/3\/revisions\/23"}],"wp:attachment":[{"href":"https:\/\/www.wemakespaces.archi\/form\/wp-json\/wp\/v2\/media?parent=3"}],"curies":[{"name":"wp","href":"https:\/\/api.w.org\/{rel}","templated":true}]}}